{"id":70,"date":"2023-07-25T19:33:56","date_gmt":"2023-07-25T19:33:56","guid":{"rendered":"https:\/\/xeghep.danang.vn\/index.php\/how-it-works\/"},"modified":"2025-06-22T17:59:28","modified_gmt":"2025-06-22T17:59:28","slug":"tin-noi-bat","status":"publish","type":"page","link":"https:\/\/xeghep.danang.vn\/index.php\/tin-noi-bat\/","title":{"rendered":"Tin n\u1ed5i b\u1eadt"},"content":{"rendered":"\t\t<div data-elementor-type=\"wp-page\" data-elementor-id=\"70\" class=\"elementor elementor-70\" data-elementor-settings=\"{&quot;element_pack_global_tooltip_width&quot;:{&quot;unit&quot;:&quot;px&quot;,&quot;size&quot;:&quot;&quot;,&quot;sizes&quot;:[]},&quot;element_pack_global_tooltip_width_tablet&quot;:{&quot;unit&quot;:&quot;px&quot;,&quot;size&quot;:&quot;&quot;,&quot;sizes&quot;:[]},&quot;element_pack_global_tooltip_width_mobile&quot;:{&quot;unit&quot;:&quot;px&quot;,&quot;size&quot;:&quot;&quot;,&quot;sizes&quot;:[]},&quot;element_pack_global_tooltip_padding&quot;:{&quot;unit&quot;:&quot;px&quot;,&quot;top&quot;:&quot;&quot;,&quot;right&quot;:&quot;&quot;,&quot;bottom&quot;:&quot;&quot;,&quot;left&quot;:&quot;&quot;,&quot;isLinked&quot;:true},&quot;element_pack_global_tooltip_padding_tablet&quot;:{&quot;unit&quot;:&quot;px&quot;,&quot;top&quot;:&quot;&quot;,&quot;right&quot;:&quot;&quot;,&quot;bottom&quot;:&quot;&quot;,&quot;left&quot;:&quot;&quot;,&quot;isLinked&quot;:true},&quot;element_pack_global_tooltip_padding_mobile&quot;:{&quot;unit&quot;:&quot;px&quot;,&quot;top&quot;:&quot;&quot;,&quot;right&quot;:&quot;&quot;,&quot;bottom&quot;:&quot;&quot;,&quot;left&quot;:&quot;&quot;,&quot;isLinked&quot;:true},&quot;element_pack_global_tooltip_border_radius&quot;:{&quot;unit&quot;:&quot;px&quot;,&quot;top&quot;:&quot;&quot;,&quot;right&quot;:&quot;&quot;,&quot;bottom&quot;:&quot;&quot;,&quot;left&quot;:&quot;&quot;,&quot;isLinked&quot;:true},&quot;element_pack_global_tooltip_border_radius_tablet&quot;:{&quot;unit&quot;:&quot;px&quot;,&quot;top&quot;:&quot;&quot;,&quot;right&quot;:&quot;&quot;,&quot;bottom&quot;:&quot;&quot;,&quot;left&quot;:&quot;&quot;,&quot;isLinked&quot;:true},&quot;element_pack_global_tooltip_border_radius_mobile&quot;:{&quot;unit&quot;:&quot;px&quot;,&quot;top&quot;:&quot;&quot;,&quot;right&quot;:&quot;&quot;,&quot;bottom&quot;:&quot;&quot;,&quot;left&quot;:&quot;&quot;,&quot;isLinked&quot;:true}}\">\n\t\t\t\t\t\t<div class=\"elementor-section elementor-top-section elementor-element elementor-element-2418866 elementor-section-boxed elementor-section-height-default elementor-section-height-default\" data-id=\"2418866\" data-element_type=\"section\" data-settings=\"{&quot;background_background&quot;:&quot;classic&quot;}\">\n\t\t\t\t\t\t\t<div class=\"elementor-background-overlay\"><\/div>\n\t\t\t\t\t\t\t<div class=\"elementor-container elementor-column-gap-default\">\n\t\t\t\t\t<div class=\"elementor-column elementor-col-100 elementor-top-column elementor-element elementor-element-478597d\" data-id=\"478597d\" data-element_type=\"column\">\n\t\t\t<div class=\"elementor-widget-wrap elementor-element-populated\">\n\t\t\t\t\t\t<div class=\"elementor-element elementor-element-bf0d5cb elementor-widget elementor-widget-heading\" data-id=\"bf0d5cb\" data-element_type=\"widget\" data-widget_type=\"heading.default\">\n\t\t\t\t<div class=\"elementor-widget-container\">\n\t\t\t\t\t<h5 class=\"elementor-heading-title elementor-size-default\">Tin t\u1ee9c h\u00f4m nay<\/h5>\t\t\t\t<\/div>\n\t\t\t\t<\/div>\n\t\t\t\t<div class=\"elementor-element elementor-element-35562a3 elementor-widget__width-auto elementor-absolute elementor-widget elementor-widget-image\" data-id=\"35562a3\" data-element_type=\"widget\" data-settings=\"{&quot;_position&quot;:&quot;absolute&quot;}\" data-widget_type=\"image.default\">\n\t\t\t\t<div class=\"elementor-widget-container\">\n\t\t\t\t\t\t\t\t\t\t\t\t\t\t\t<img decoding=\"async\" width=\"136\" height=\"129\" src=\"https:\/\/xeghep.danang.vn\/wp-content\/uploads\/2025\/06\/Car-Loan-Ornament.webp\" class=\"attachment-full size-full wp-image-47\" alt=\"\" \/>\t\t\t\t\t\t\t\t\t\t\t\t\t\t\t<\/div>\n\t\t\t\t<\/div>\n\t\t\t\t<div class=\"elementor-element elementor-element-d51e35a elementor-widget elementor-widget-heading\" data-id=\"d51e35a\" data-element_type=\"widget\" data-widget_type=\"heading.default\">\n\t\t\t\t<div class=\"elementor-widget-container\">\n\t\t\t\t\t<h1 class=\"elementor-heading-title elementor-size-default\">TILO C\u1eacp nh\u1eact \u0111i\u1ec3m tin h\u1eb1ng ng\u00e0y<\/h1>\t\t\t\t<\/div>\n\t\t\t\t<\/div>\n\t\t\t\t<div class=\"elementor-element elementor-element-26296e2 elementor-widget elementor-widget-spacer\" data-id=\"26296e2\" data-element_type=\"widget\" data-widget_type=\"spacer.default\">\n\t\t\t\t<div class=\"elementor-widget-container\">\n\t\t\t\t\t\t\t<div class=\"elementor-spacer\">\n\t\t\t<div class=\"elementor-spacer-inner\"><\/div>\n\t\t<\/div>\n\t\t\t\t\t\t<\/div>\n\t\t\t\t<\/div>\n\t\t\t\t<div class=\"elementor-element elementor-element-960a4cf elementor-widget elementor-widget-text-editor\" data-id=\"960a4cf\" data-element_type=\"widget\" data-widget_type=\"text-editor.default\">\n\t\t\t\t<div class=\"elementor-widget-container\">\n\t\t\t\t\t\t\t\t\t<p>Lu\u00f4n s\u1eb5n s\u00e0ng mang \u0111\u1ebfn nh\u1eefng th\u00f4ng tin m\u1edbi nh\u1ea5t cho qu\u00fd kh\u00e1ch h\u00e0ng<\/p>\t\t\t\t\t\t\t\t<\/div>\n\t\t\t\t<\/div>\n\t\t\t\t\t<\/div>\n\t\t<\/div>\n\t\t\t\t\t<\/div>\n\t\t<\/div>\n\t\t<div class=\"elementor-element elementor-element-6ac75cef e-flex e-con-boxed e-con e-parent\" data-id=\"6ac75cef\" data-element_type=\"container\" data-settings=\"{&quot;background_background&quot;:&quot;classic&quot;}\">\n\t\t\t\t\t<div class=\"e-con-inner\">\n\t\t<div class=\"elementor-element elementor-element-350882d0 e-con-full e-flex e-con e-child\" data-id=\"350882d0\" data-element_type=\"container\">\n\t\t\t\t<div class=\"elementor-element elementor-element-4f9ad8cd elementor-widget__width-initial elementor-absolute elementor-invisible elementor-widget elementor-widget-text-editor\" data-id=\"4f9ad8cd\" data-element_type=\"widget\" data-settings=\"{&quot;_position&quot;:&quot;absolute&quot;,&quot;_animation_delay&quot;:&quot;200&quot;,&quot;_animation&quot;:&quot;fadeIn&quot;}\" data-widget_type=\"text-editor.default\">\n\t\t\t\t<div class=\"elementor-widget-container\">\n\t\t\t\t\t\t\t\t\t<p>02<\/p>\t\t\t\t\t\t\t\t<\/div>\n\t\t\t\t<\/div>\n\t\t\t\t<div class=\"elementor-element elementor-element-758adb20 elementor-widget__width-initial elementor-absolute e-transform elementor-widget-tablet__width-initial elementor-widget-mobile__width-initial elementor-widget-divider--view-line elementor-invisible elementor-widget elementor-widget-divider\" data-id=\"758adb20\" data-element_type=\"widget\" data-settings=\"{&quot;_position&quot;:&quot;absolute&quot;,&quot;_transform_rotateZ_effect&quot;:{&quot;unit&quot;:&quot;px&quot;,&quot;size&quot;:90,&quot;sizes&quot;:[]},&quot;_animation_delay&quot;:&quot;200&quot;,&quot;_animation&quot;:&quot;fadeIn&quot;,&quot;_transform_rotateZ_effect_tablet&quot;:{&quot;unit&quot;:&quot;deg&quot;,&quot;size&quot;:&quot;&quot;,&quot;sizes&quot;:[]},&quot;_transform_rotateZ_effect_mobile&quot;:{&quot;unit&quot;:&quot;deg&quot;,&quot;size&quot;:&quot;&quot;,&quot;sizes&quot;:[]}}\" data-widget_type=\"divider.default\">\n\t\t\t\t<div class=\"elementor-widget-container\">\n\t\t\t\t\t\t\t<div class=\"elementor-divider\">\n\t\t\t<span class=\"elementor-divider-separator\">\n\t\t\t\t\t\t<\/span>\n\t\t<\/div>\n\t\t\t\t\t\t<\/div>\n\t\t\t\t<\/div>\n\t\t\t\t<div class=\"elementor-element elementor-element-42f83cdc  ui-split-animate ui-splitby-chars elementor-widget elementor-widget-heading\" data-id=\"42f83cdc\" data-element_type=\"widget\" data-settings=\"{&quot;ui_animate_split&quot;:&quot;ui-split-animate&quot;,&quot;ui_animate_split_style&quot;:&quot;fadeInRight&quot;,&quot;ui_animate_split_by&quot;:&quot;chars&quot;}\" data-widget_type=\"heading.default\">\n\t\t\t\t<div class=\"elementor-widget-container\">\n\t\t\t\t\t<h4 class=\"elementor-heading-title elementor-size-default\">Tin t\u1ee9c <\/h4>\t\t\t\t<\/div>\n\t\t\t\t<\/div>\n\t\t<div class=\"elementor-element elementor-element-2584413b e-con-full e-flex e-con e-child\" data-id=\"2584413b\" data-element_type=\"container\">\n\t\t\t\t<div class=\"elementor-element elementor-element-4d480eea elementor-widget__width-initial  ui-split-animate elementor-widget-tablet__width-initial elementor-widget-mobile__width-inherit ui-splitby-chars elementor-widget elementor-widget-heading\" data-id=\"4d480eea\" data-element_type=\"widget\" data-settings=\"{&quot;ui_animate_split&quot;:&quot;ui-split-animate&quot;,&quot;ui_animate_split_style&quot;:&quot;fadeInRight&quot;,&quot;ui_animate_split_by&quot;:&quot;chars&quot;}\" data-widget_type=\"heading.default\">\n\t\t\t\t<div class=\"elementor-widget-container\">\n\t\t\t\t\t<h2 class=\"elementor-heading-title elementor-size-default\">\u0110I\u1ec2M TIN <\/h2>\t\t\t\t<\/div>\n\t\t\t\t<\/div>\n\t\t\t\t<div class=\"elementor-element elementor-element-2eb5172c elementor-widget__width-initial elementor-widget-tablet__width-initial elementor-widget-mobile__width-inherit elementor-invisible elementor-widget elementor-widget-text-editor\" data-id=\"2eb5172c\" data-element_type=\"widget\" data-settings=\"{&quot;_animation_delay&quot;:&quot;900&quot;,&quot;_animation&quot;:&quot;fadeInLeft&quot;}\" data-widget_type=\"text-editor.default\">\n\t\t\t\t<div class=\"elementor-widget-container\">\n\t\t\t\t\t\t\t\t\t<p>T\u1ed5ng h\u1ee3p nh\u1eefng c\u1eadp nh\u1eadt m\u1edbi nh\u1ea5t v\u1ec1 d\u1ecbch v\u1ee5 xe gh\u00e9p TILO: tuy\u1ebfn m\u1edbi, \u01b0u \u0111\u00e3i h\u1ea5p d\u1eabn, t\u00ednh n\u0103ng \u0111\u1eb7t v\u00e9 c\u1ea3i ti\u1ebfn v\u00e0 c\u00e1c \u0111i\u1ec3m \u0111\u00f3n linh ho\u1ea1t. C\u00f9ng theo d\u00f5i \u0111\u1ec3 kh\u00f4ng b\u1ecf l\u1ee1 c\u00e1c ti\u1ec7n \u00edch m\u1edbi nh\u1ea5t d\u00e0nh cho h\u00e0nh kh\u00e1ch<\/p>\t\t\t\t\t\t\t\t<\/div>\n\t\t\t\t<\/div>\n\t\t\t\t<\/div>\n\t\t\t\t<div class=\"elementor-element elementor-element-b9d6c19 elementor-widget elementor-widget-uicore-post-grid\" data-id=\"b9d6c19\" data-element_type=\"widget\" data-widget_type=\"uicore-post-grid.default\">\n\t\t\t\t<div class=\"elementor-widget-container\">\n\t\t\t\t\t<div class=\"uicore-grid-container uicore-blog-grid uicore-grid-row uicore-grid uicore-landscape-ratio uicore-large-space animate-3 ui-st-simple uicore-blog-widget\">\r\n            <div class=\"uicore-grid-item uicore-col-md-6 uicore-col-lg-4  uicore-zoom uicore-animate post-205 post type-post status-publish format-standard has-post-thumbnail hentry category-tin-tuc\" >\r\n                <article class=\"uicore-post\">\r\n                    <div class=\"uicore-post-wrapper\">\r\n\r\n                        <a href=\"https:\/\/xeghep.danang.vn\/index.php\/2025\/06\/22\/hanh-khach-quyet-dinh-su-song-con-cua-xe-ghep\/\" title=\" View Post: H\u00e0nh kh\u00e1ch quy\u1ebft \u0111\u1ecbnh s\u1ef1 s\u1ed1ng c\u00f2n c\u1ee7a xe gh\u00e9p\" >  <div class=\"uicore-blog-img-container uicore-zoom-wrapper\">\r\n                                            <div class=\"uicore-cover-img\" style=\"background-image: url(https:\/\/xeghep.danang.vn\/wp-content\/uploads\/2025\/06\/download-2.jpg)\"><\/div>\r\n                                        <\/div><\/a>\r\n                        <div class=\"uicore-post-info\">\r\n                            <div class=\"uicore-post-info-wrapper\">\r\n                                <a href=\"https:\/\/xeghep.danang.vn\/index.php\/2025\/06\/22\/hanh-khach-quyet-dinh-su-song-con-cua-xe-ghep\/\" title=\"View Post: H\u00e0nh kh\u00e1ch quy\u1ebft \u0111\u1ecbnh s\u1ef1 s\u1ed1ng c\u00f2n c\u1ee7a xe gh\u00e9p \">                              <h4 class=\"uicore-post-title\"><span>H\u00e0nh kh\u00e1ch quy\u1ebft \u0111\u1ecbnh s\u1ef1 s\u1ed1ng c\u00f2n c\u1ee7a xe gh\u00e9p<\/span><\/h4>\r\n                              <\/a><div class=\"uicore-post-footer uicore-body\"><span>10 min read<\/span><\/div>                            <\/div>\r\n                        <\/div>\r\n\r\n                    <\/div>\r\n                <\/article>\r\n            <\/div>\r\n        \r\n            <div class=\"uicore-grid-item uicore-col-md-6 uicore-col-lg-4  uicore-zoom uicore-animate post-192 post type-post status-publish format-standard has-post-thumbnail hentry category-tin-tuc\" >\r\n                <article class=\"uicore-post\">\r\n                    <div class=\"uicore-post-wrapper\">\r\n\r\n                        <a href=\"https:\/\/xeghep.danang.vn\/index.php\/2025\/06\/22\/xe-ghep-da-nang-quang-ngai-dua-don-tan-nha-gia-re\/\" title=\" View Post: Xe gh\u00e9p \u0110\u00e0 N\u1eb5ng Qu\u1ea3ng Ng\u00e3i \u0111\u01b0a \u0111\u00f3n t\u1eadn nh\u00e0 gi\u00e1 r\u1ebb\" >  <div class=\"uicore-blog-img-container uicore-zoom-wrapper\">\r\n                                            <div class=\"uicore-cover-img\" style=\"background-image: url(https:\/\/xeghep.danang.vn\/wp-content\/uploads\/2025\/06\/download-1.jpg)\"><\/div>\r\n                                        <\/div><\/a>\r\n                        <div class=\"uicore-post-info\">\r\n                            <div class=\"uicore-post-info-wrapper\">\r\n                                <a href=\"https:\/\/xeghep.danang.vn\/index.php\/2025\/06\/22\/xe-ghep-da-nang-quang-ngai-dua-don-tan-nha-gia-re\/\" title=\"View Post: Xe gh\u00e9p \u0110\u00e0 N\u1eb5ng Qu\u1ea3ng Ng\u00e3i \u0111\u01b0a \u0111\u00f3n t\u1eadn nh\u00e0 gi\u00e1 r\u1ebb \">                              <h4 class=\"uicore-post-title\"><span>Xe gh\u00e9p \u0110\u00e0 N\u1eb5ng Qu\u1ea3ng Ng\u00e3i \u0111\u01b0a \u0111\u00f3n t\u1eadn nh\u00e0 gi\u00e1 r\u1ebb<\/span><\/h4>\r\n                              <\/a><div class=\"uicore-post-footer uicore-body\"><span>9 min read<\/span><\/div>                            <\/div>\r\n                        <\/div>\r\n\r\n                    <\/div>\r\n                <\/article>\r\n            <\/div>\r\n        <\/div>\t\t\t\t<\/div>\n\t\t\t\t<\/div>\n\t\t\t\t<\/div>\n\t\t\t\t\t<\/div>\n\t\t\t\t<\/div>\n\t\t\t\t<\/div>\n\t\t","protected":false},"excerpt":{"rendered":"<p>Tin t\u1ee9c h\u00f4m nay TILO C\u1eacp nh\u1eact \u0111i\u1ec3m tin h\u1eb1ng ng\u00e0y Lu\u00f4n s\u1eb5n s\u00e0ng mang \u0111\u1ebfn nh\u1eefng th\u00f4ng tin m\u1edbi nh\u1ea5t cho [&hellip;]<\/p>\n","protected":false},"author":1,"featured_media":0,"parent":0,"menu_order":0,"comment_status":"closed","ping_status":"closed","template":"","meta":{"footnotes":""},"class_list":["post-70","page","type-page","status-publish","hentry"],"_links":{"self":[{"href":"https:\/\/xeghep.danang.vn\/index.php\/wp-json\/wp\/v2\/pages\/70","targetHints":{"allow":["GET"]}}],"collection":[{"href":"https:\/\/xeghep.danang.vn\/index.php\/wp-json\/wp\/v2\/pages"}],"about":[{"href":"https:\/\/xeghep.danang.vn\/index.php\/wp-json\/wp\/v2\/types\/page"}],"author":[{"embeddable":true,"href":"https:\/\/xeghep.danang.vn\/index.php\/wp-json\/wp\/v2\/users\/1"}],"replies":[{"embeddable":true,"href":"https:\/\/xeghep.danang.vn\/index.php\/wp-json\/wp\/v2\/comments?post=70"}],"version-history":[{"count":20,"href":"https:\/\/xeghep.danang.vn\/index.php\/wp-json\/wp\/v2\/pages\/70\/revisions"}],"predecessor-version":[{"id":204,"href":"https:\/\/xeghep.danang.vn\/index.php\/wp-json\/wp\/v2\/pages\/70\/revisions\/204"}],"wp:attachment":[{"href":"https:\/\/xeghep.danang.vn\/index.php\/wp-json\/wp\/v2\/media?parent=70"}],"curies":[{"name":"wp","href":"https:\/\/api.w.org\/{rel}","templated":true}]}}